{"id":84,"date":"2016-01-24T15:11:22","date_gmt":"2016-01-24T15:11:22","guid":{"rendered":"http:\/\/212.129.25.185\/~mediadigital\/contact-us-alternate-version\/"},"modified":"2022-01-18T07:56:39","modified_gmt":"2022-01-18T07:56:39","slug":"contactos","status":"publish","type":"page","link":"https:\/\/mediadigital.net\/en\/contactos\/","title":{"rendered":"Contacte-nos"},"content":{"rendered":"<p>[vc_row full_width=&#8221;stretch_row&#8221; parallax_speed=&#8221;0.8&#8243; css=&#8221;.vc_custom_1527080817393{margin-bottom: 0px !important;padding-top: 245px !important;padding-bottom: 125px !important;background-image: url(http:\/\/mediadigital.net\/media\/2017\/08\/equipa-bg.jpg?id=1937) !important;background-position: center !important;background-repeat: no-repeat !important;background-size: cover !important;}&#8221; enable_parallax=&#8221;false&#8221; video_position=&#8221;top&#8221;][vc_column]<div class=\"wproto-shortcode-contact-details-modern\">\r\n\r\n\t\r\n\t\t<h1>Contacte-nos<\/h1>\r\n\t\t\r\n\t\t\r\n\t<div class=\"items wproto-equal\">\r\n\t\r\n\t\t\t\t<div class=\"item\">\r\n\t\t\t<div class=\"icon\">\r\n\t\t\t\t<div class=\"icon-inner\">\r\n\t\t\t\t\t<img loading=\"lazy\" decoding=\"async\" width=\"32\" height=\"30\" class=\"svg-img\" src=\"https:\/\/mediadigital.net\/template\/images\/flag.svg\" alt=\"\" \/>\r\n\t\t\t\t\t<div class=\"hover_pulse_ray\"><\/div>\r\n\t\t\t\t<\/div>\r\n\t\t\t<\/div>\r\n\t\t\t<div class=\"inner matchHeight\" data-mh=\"wproto-contact-69da1cf94099b\">\r\n\t\t\t\t\r\n\t\t\t\t<h3>Address<\/h3>\r\n\t\t\t\t\r\n\t\t\t\t<p>Centro Empresarial Vilar do Pinheiro<br \/>\nRua do Rio Negro, 289, 4485-860 - Portugal<\/p>\r\n\t\t\t\t\r\n\t\t\t<\/div>\r\n\t\t<\/div>\r\n\t\t\t\t\r\n\t\t\t\t<div class=\"item\">\r\n\t\t\t<div class=\"icon\">\r\n\t\t\t\t<div class=\"icon-inner\">\r\n\t\t\t\t\t<img loading=\"lazy\" decoding=\"async\" width=\"31\" height=\"31\" class=\"svg-img\" src=\"https:\/\/mediadigital.net\/template\/images\/phone.svg\" alt=\"\" \/>\r\n\t\t\t\t\t<div class=\"hover_pulse_ray\"><\/div>\r\n\t\t\t\t<\/div>\r\n\t\t\t<\/div>\r\n\t\t\t<div class=\"inner matchHeight\" data-mh=\"wproto-contact-69da1cf94099b\">\r\n\t\t\t\t\r\n\t\t\t\t<h3>Phone<\/h3>\r\n\t\t\t\t\r\n\t\t\t\t<p>+351 229 475 933<br \/>\n+351 223 242 348<\/p>\r\n\t\t\t\t\r\n\t\t\t<\/div>\r\n\t\t<\/div>\r\n\t\t\t\t\r\n\t\t\t\t<div class=\"item\">\r\n\t\t\t<div class=\"icon\">\r\n\t\t\t\t<div class=\"icon-inner\">\r\n\t\t\t\t\t<img loading=\"lazy\" decoding=\"async\" width=\"31\" height=\"31\" class=\"svg-img\" src=\"https:\/\/mediadigital.net\/template\/images\/fly.svg\" alt=\"\" \/>\r\n\t\t\t\t\t<div class=\"hover_pulse_ray\"><\/div>\r\n\t\t\t\t<\/div>\r\n\t\t\t<\/div>\r\n\t\t\t<div class=\"inner matchHeight\" data-mh=\"wproto-contact-69da1cf94099b\">\r\n\t\t\t\t\r\n\t\t\t\t<h3>Email<\/h3>\r\n\t\t\t\t\r\n\t\t\t\t<p><a href=\"mailto:info@mediadigital.net\">info@mediadigital.net<\/a><br \/>\n<a href=\"mailto:comercial@mediadigital.net\">comercial@mediadigital.net<\/a><\/p>\r\n\t\t\t\t\r\n\t\t\t<\/div>\r\n\t\t<\/div>\r\n\t\t\t\t\r\n\t\t\t\r\n\t\t<div class=\"item\">\r\n\t\t\t<div class=\"icon\">\r\n\t\t\t\t<div class=\"icon-inner\">\r\n\t\t\t\t\t<img loading=\"lazy\" decoding=\"async\" width=\"28\" height=\"33\" class=\"svg-img\" src=\"https:\/\/mediadigital.net\/template\/images\/social.svg\" alt=\"\" \/>\r\n\t\t\t\t\t<div class=\"hover_pulse_ray\"><\/div>\r\n\t\t\t\t<\/div>\r\n\t\t\t<\/div>\r\n\t\t\t<div class=\"inner matchHeight\" data-mh=\"wproto-contact-69da1cf94099b\">\r\n\t\t\t\t\r\n\t\t\t\t<h3>Follow us<\/h3>\r\n\t\t\t\t\r\n\t\t\t\t<p class=\"social\"><a target=\"_blank\" rel=\"nofollow\" data-gravity=\"n\" href=\"https:\/\/www.facebook.com\/mediadigital.net\" title=\"Facebook\"><i class=\"fa fa-facebook-square\"><\/i><\/a><a target=\"_blank\" rel=\"nofollow noopener\" data-gravity=\"n\" href=\"http:\/\/twitter.com\/MediaDigitalnet\" title=\"Twitter\"><i class=\"fa fa-twitter-square\"><\/i><\/a><a target=\"_blank\" rel=\"nofollow noopener\" data-gravity=\"n\" href=\"https:\/\/www.linkedin.com\/company\/mediadigital-net\/\" title=\"LinkedIn\"><i class=\"fa fa-linkedin-square\"><\/i><\/a><a target=\"_blank\" rel=\"nofollow noopener\" data-gravity=\"n\" href=\"https:\/\/www.instagram.com\/mediadigital_net\/\" title=\"Instagram\"><i class=\"fa fa-instagram\"><\/i><\/a><\/p>\r\n\t\t\t\t\r\n\t\t\t<\/div>\r\n\t\t<\/div>\r\n\t\t\t\r\n\t<\/div>\r\n\r\n<\/div>[\/vc_column][\/vc_row][vc_row parallax_speed=&#8221;0.8&#8243; css=&#8221;.vc_custom_1431966760217{margin-bottom: 0px !important;padding-top: 60px !important;}&#8221; enable_parallax=&#8221;&#8221; video_position=&#8221;top&#8221;][vc_column width=&#8221;1\/6&#8243;][\/vc_column][vc_column width=&#8221;2\/3&#8243;]\r\n\r\n\t<h3 class=\"wproto-header-shortcode header_with_line with_subtext centered\" style=\"text-align: center;\">\r\n\t\r\n\t\tContacte-nos\t\t\r\n\t\t\t\t<span class=\"header-subtext\" style=\" \">Adoramos um bom desafio... Apresente-nos a sua ideia, a sua vis\u00e3o, o seu projeto. <\/span>\r\n\t\t\t\t\r\n\t<\/h3>\r\n\r\n<div class=\"wproto-ninja-form style-style_2\">[ninja_form id=\"9\"]<\/div>[\/vc_column][vc_column width=&#8221;1\/6&#8243;][\/vc_column][\/vc_row][vc_row full_width=&#8221;stretch_row_content_no_spaces&#8221; parallax_speed=&#8221;0.8&#8243; enable_parallax=&#8221;&#8221; video_position=&#8221;top&#8221; css=&#8221;.vc_custom_1428052069889{margin-bottom: 0px !important;}&#8221;][vc_column css=&#8221;.vc_custom_1431966716137{margin-bottom: 0px !important;}&#8221;]\r\n\r\n\t\r\n<div class=\"wproto-responsive-map\" style=\"padding-bottom: 30%; min-height: px;\">\r\n\t<div id=\"google-map-id-69da1cf940c96\" class=\"wproto-google-map\" style=\"width: 100%; height: 100%;\"><\/div>\r\n<\/div>\r\n\r\n\t\r\n<script>\r\n\t\r\n(function($){\r\n\t\r\n\tfunction googleMapInitialize() {\r\n\t\tvar styles = [\r\n\t\t{\r\n\t\t\t\"featureType\": \"water\",\r\n \t\t\t\"stylers\": [\r\n  \t\t\t{ \"color\": \"#dfdfdf\" },\r\n   \t\t\t{ \"visibility\": \"simplified\" }\r\n   \t\t]\r\n \t\t},{\r\n \t\t\t\"featureType\": \"administrative\",\r\n  \t\t\"elementType\": \"labels\",\r\n  \t\t\"stylers\": [\r\n  \t\t\t{ \"weight\": 0.1 },\r\n   \t\t\t{ \"color\": \"#858585\" },\r\n    \t\t{ \"visibility\": \"on\" }\r\n   \t\t]\r\n \t\t},{\r\n \t\t\t\"featureType\": \"landscape.natural\",\r\n  \t\t\"elementType\": \"geometry\",\r\n  \t\t\"stylers\": [\r\n  \t\t\t{ \"color\": \"#e1e1e1\" }\r\n   \t\t]\r\n \t\t},{\r\n \t\t\t\"featureType\": \"landscape.man_made\",\r\n  \t\t\"stylers\": [\r\n  \t\t\t{ \"color\": \"#ededed\" },\r\n   \t\t\t{ \"visibility\": \"simplified\" }\r\n   \t\t]\r\n \t\t},{\r\n \t\t\t\"featureType\": \"poi\",\r\n  \t\t\"elementType\": \"geometry\",\r\n  \t\t\"stylers\": [\r\n  \t\t\t{ \"visibility\": \"off\" }\r\n   \t\t]\r\n \t\t},{\r\n \t\t\t\"featureType\": \"road.highway\",\r\n  \t\t\"stylers\": [\r\n  \t\t\t{ \"color\": \"#e7e7e7\" },\r\n   \t\t\t{ \"weight\": 2.7 },\r\n   \t\t\t{ \"visibility\": \"simplified\" }\r\n   \t\t]\r\n \t\t},{\r\n \t\t\t\"featureType\": \"road.arterial\",\r\n  \t\t\"stylers\": [\r\n  \t\t\t{ \"color\": \"#e1e1e1\" },\r\n   \t\t\t{ \"visibility\": \"simplified\" }\r\n   \t\t]\r\n \t\t},{\r\n \t\t\t\"featureType\": \"road.local\",\r\n  \t\t\"stylers\": [\r\n  \t\t\t{ \"color\": \"#e7e7e7\" },\r\n   \t\t\t{ \"weight\": 0.4 },\r\n    \t\t{ \"visibility\": \"simplified\" }\r\n   \t\t]\r\n \t\t},{\r\n \t\t\t\"featureType\": \"road.local\",\r\n  \t\t\"elementType\": \"labels\",\r\n  \t\t\"stylers\": [\r\n  \t\t\t{ \"color\": \"#e7e7e7\" },\r\n  \t\t\t{ \"weight\": 0.1 },\r\n   \t\t\t{ \"visibility\": \"off\" }\r\n   \t\t]\r\n \t\t},{\r\n \t\t\t\"featureType\": \"transit\",\r\n  \t\t\"elementType\": \"geometry\",\r\n  \t\t\"stylers\": [\r\n  \t\t\t{ \"color\": \"#e7e7e7\" },\r\n   \t\t\t{ \"visibility\": \"on\" }\r\n   \t\t]\r\n \t\t},{\r\n \t\t\t\"featureType\": \"transit\",\r\n  \t\t\"elementType\": \"geometry\",\r\n  \t\t\"stylers\": [\r\n  \t\t\t{ \"visibility\": \"simplified\" },\r\n   \t\t\t{ \"weight\": 0.1 }\r\n   \t\t]\r\n \t\t},{\r\n \t\t\t\"featureType\": \"poi\",\r\n  \t\t\"stylers\": [\r\n  \t\t\t{ \"weight\": 0.1 },\r\n   \t\t\t{ \"color\": \"#e7e7e7\" },\r\n    \t\t{ \"visibility\": \"simplified\" }\r\n   \t\t]\r\n \t\t},{\r\n \t\t\t\"featureType\": \"road.highway\",\r\n  \t\t\"elementType\": \"labels\",\r\n  \t\t\"stylers\": [\r\n  \t\t\t{ \"weight\": 0.1 },\r\n   \t\t\t{ \"visibility\": \"off\" }\r\n \t\t\t]\r\n\t\t}\r\n\t];\r\n\t\r\n\t$('.wproto-google-map').each( function() {\r\n\t\t\r\n\t\tvar geocoder = new google.maps.Geocoder();\r\n\t\r\n\t\tvar latlong;\r\n\r\n\t\tvar googleMapOptions = {\r\n\t\t\tzoom: 15,\r\n\t\t\tcenter: new google.maps.LatLng(0, 0),\r\n\t\t\t\t\t\tmapTypeId: google.maps.MapTypeId.SATELLITE,\r\n\t\t\t\t\t\tpanControl: false,\r\n\t\t\tzoomControl: false,\r\n\t\t\tscrollwheel: false,\r\n\t\t\tdisableDoubleClickZoom: true,\r\n\t\t\tdisableDefaultUI: true,\r\n\t\t\tdraggable: false,\r\n\t\t\tscaleControl: false\t\t};\r\n\r\n\t\tvar map = new google.maps.Map( document.getElementById('google-map-id-69da1cf940c96'), googleMapOptions );\r\n\r\n\t\t\r\n\t\tgeocoder.geocode( { 'address': 'Centro Empresarial Vilar do Pinheiro Rua do Rio Negro, 289, 4485-860'}, function(results, status) {\r\n\t\t\tif (status == google.maps.GeocoderStatus.OK) {\r\n\t\t\t\tlatlong = results[0].geometry.location;\r\n\t\t\r\n\t\t\t\tvar marker = new google.maps.Marker({\r\n\t\t\t\t\tposition: latlong,\r\n \t\t\t\t\tmap: map,\r\n \t\t\t\t\ticon: ''\t\t\t\t});\r\n\t\t\t\r\n\t\t\t\t\t\t\t\tmap.setCenter( latlong );\r\n\t\t\t\t\r\n\t\t\t\t}\r\n\t\t\t});\r\n\t\t\r\n\t\t\t\t\r\n\t\t});\r\n\t\t\r\n\t}\r\n\t\r\n\tgoogleMapInitialize();\r\n\t\r\n})( window.jQuery );\r\n<\/script>\r\n\r\n\r\n[\/vc_column][\/vc_row][vc_row full_width=&#8221;stretch_row&#8221; parallax_speed=&#8221;0.8&#8243; bg_type=&#8221;bg_color&#8221; bg_override=&#8221;full&#8221; css=&#8221;.vc_custom_1498458273789{margin-bottom: 0px !important;background-color: \/* Permalink &#8211; use to edit and share this gradient: http:\/\/colorzilla.com\/gradient-editor\/#1e5799+0,2989d8+50,7db9e8+100 *\/ background: rgb(30,87,153); \/* Old browsers *\/ background: -moz-linear-gradient(-45deg, rgba(30,87,153,1) 0%, rgba(41,137,216,1) 50%, rgba(125,185,232,1) 100%); \/* FF3.6-15 *\/ background: -webkit-linear-gradient(-45deg, rgba(30,87,153,1) 0%,rgba(41,137,216,1) 50%,rgba(125,185,232,1) 100%); \/* Chrome10-25,Safari5.1-6 *\/ background: linear-gradient(135deg, rgba(30,87,153,1) 0%,rgba(41,137,216,1) 50%,rgba(125,185,232,1) 100%); \/* W3C, IE10+, FF16+, Chrome26+, Opera12+, Safari7+ *\/ filter: progid:DXImageTransform.Microsoft.gradient( startColorstr=&#8217;#1e5799&#8242;, endColorstr=&#8217;#7db9e8&#8242;,GradientType=1 ); \/* IE6-9 fallback on horizontal gradient *\/ !important;}&#8221; enable_parallax=&#8221;&#8221; video_position=&#8221;top&#8221; bg_color_value=&#8221;\/* Permalink &#8211; use to edit and share this gradient: http:\/\/colorzilla.com\/gradient-editor\/#1e5799+0,2989d8+50,7db9e8+100 *\/ background: rgb(30,87,153); \/* Old browsers *\/ background: -moz-linear-gradient(-45deg, rgba(30,87,153,1) 0%, rgba(41,137,216,1) 50%, rgba(125,185,232,1) 100%); \/* FF3.6-15 *\/ background: -webkit-linear-gradient(-45deg, rgba(30,87,153,1) 0%,rgba(41,137,216,1) 50%,rgba(125,185,232,1) 100%); \/* Chrome10-25,Safari5.1-6 *\/ background: linear-gradient(135deg, rgba(30,87,153,1) 0%,rgba(41,137,216,1) 50%,rgba(125,185,232,1) 100%); \/* W3C, IE10+, FF16+, Chrome26+, Opera12+, Safari7+ *\/ filter: progid:DXImageTransform.Microsoft.gradient( startColorstr=&#8217;#1e5799&#8242;, endColorstr=&#8217;#7db9e8&#8242;,GradientType=1 ); \/* IE6-9 fallback on horizontal gradient *\/&#8221;][vc_column css=&#8221;.vc_custom_1431966690739{margin-bottom: 0px !important;}&#8221;]\r\n<div class=\"wproto-call-to-action   style-button-right\"  style=\"background-color: transparent; \">\r\n\r\n\t<div class=\"content-inner\">\r\n\t\t\t\t<h2 style=\"\">Necessita de uma solu\u00e7\u00e3o para potenciar a comunica\u00e7\u00e3o<\/h2>\r\n\t\t\t\t\r\n\t\t\t\t<p style=\"\">e os resultados da sua empresa ou neg\u00f3cio?<\/p>\r\n\t\t\t<\/div>\r\n\r\n\t<div class=\"content-buttons\">\r\n\t\t\t\t\r\n\t\t\t\t\t\t\t\t\t<a target=\"\" href=\"http:\/\/mediadigital.net\/portfolio-2\/\" class=\"button button-style-black button-size-large\">Veja o nosso Portfolio<\/a>\r\n\t\t\t\t\t\t\r\n\t\t\t\t\t\r\n\t\t\t<\/div>\r\n\t<div class=\"clearfix\"><\/div>\r\n<\/div>\r\n[\/vc_column][\/vc_row]<\/p>","protected":false},"excerpt":{"rendered":"<p>[vc_row full_width=&#8221;stretch_row&#8221; parallax_speed=&#8221;0.8&#8243; css=&#8221;.vc_custom_1527080817393{margin-bottom: 0px !important;padding-top: 245px !important;padding-bottom: 125px !important;background-image: url(http:\/\/mediadigital.net\/media\/2017\/08\/equipa-bg.jpg?id=1937) !important;background-position: center !important;background-repeat: no-repeat !important;background-size: cover !important;}&#8221; enable_parallax=&#8221;false&#8221; video_position=&#8221;top&#8221;][vc_column][\/vc_column][\/vc_row][vc_row parallax_speed=&#8221;0.8&#8243; css=&#8221;.vc_custom_1431966760217{margin-bottom: 0px !important;padding-top: 60px !important;}&#8221; enable_parallax=&#8221;&#8221; video_position=&#8221;top&#8221;][vc_column width=&#8221;1\/6&#8243;][\/vc_column][vc_column width=&#8221;2\/3&#8243;][\/vc_column][vc_column width=&#8221;1\/6&#8243;][\/vc_column][\/vc_row][vc_row full_width=&#8221;stretch_row_content_no_spaces&#8221; parallax_speed=&#8221;0.8&#8243; enable_parallax=&#8221;&#8221; video_position=&#8221;top&#8221; css=&#8221;.vc_custom_1428052069889{margin-bottom: 0px !important;}&#8221;][vc_column css=&#8221;.vc_custom_1431966716137{margin-bottom: 0px !important;}&#8221;][\/vc_column][\/vc_row][vc_row full_width=&#8221;stretch_row&#8221; parallax_speed=&#8221;0.8&#8243; bg_type=&#8221;bg_color&#8221; bg_override=&#8221;full&#8221; css=&#8221;.vc_custom_1498458273789{margin-bottom: 0px !important;background-color: \/* Permalink &#8211; use to edit and [&hellip;]<\/p>\n","protected":false},"author":1,"featured_media":0,"parent":0,"menu_order":0,"comment_status":"closed","ping_status":"closed","template":"page-tpl-custom.php","meta":{"footnotes":""},"class_list":["post-84","page","type-page","status-publish","hentry"],"_links":{"self":[{"href":"https:\/\/mediadigital.net\/en\/wp-json\/wp\/v2\/pages\/84","targetHints":{"allow":["GET"]}}],"collection":[{"href":"https:\/\/mediadigital.net\/en\/wp-json\/wp\/v2\/pages"}],"about":[{"href":"https:\/\/mediadigital.net\/en\/wp-json\/wp\/v2\/types\/page"}],"author":[{"embeddable":true,"href":"https:\/\/mediadigital.net\/en\/wp-json\/wp\/v2\/users\/1"}],"replies":[{"embeddable":true,"href":"https:\/\/mediadigital.net\/en\/wp-json\/wp\/v2\/comments?post=84"}],"version-history":[{"count":0,"href":"https:\/\/mediadigital.net\/en\/wp-json\/wp\/v2\/pages\/84\/revisions"}],"wp:attachment":[{"href":"https:\/\/mediadigital.net\/en\/wp-json\/wp\/v2\/media?parent=84"}],"curies":[{"name":"wp","href":"https:\/\/api.w.org\/{rel}","templated":true}]}}