{"id":350,"date":"2016-01-24T19:48:21","date_gmt":"2016-01-24T19:48:21","guid":{"rendered":"http:\/\/212.129.25.185\/~mediadigital\/?page_id=350"},"modified":"2022-01-16T10:10:21","modified_gmt":"2022-01-16T10:10:21","slug":"servicos","status":"publish","type":"page","link":"https:\/\/mediadigital.net\/en\/servicos\/","title":{"rendered":"Servi\u00e7os"},"content":{"rendered":"<p>[vc_row][vc_column width=&#8221;1\/2&#8243;][vc_icon icon_fontawesome=&#8221;fa fa-heart-o&#8221; color=&#8221;custom&#8221; background_style=&#8221;rounded&#8221; background_color=&#8221;white&#8221; size=&#8221;xl&#8221; align=&#8221;center&#8221; css_animation=&#8221;appear&#8221; custom_color=&#8221;#ffb121&#8243;][vc_custom_heading text=&#8221;Branding. Design. Marketing&#8221; font_container=&#8221;tag:h2|text_align:center&#8221; use_theme_fonts=&#8221;yes&#8221;][\/vc_column][vc_column width=&#8221;1\/2&#8243;][vc_empty_space height=&#8221;80px&#8221;][vc_column_text]<\/p>\n<h4>Naming &amp; Branding. Imagem de Marca. Identidade Corporativa. Estrat\u00e9gia de Marca. Design de Comunica\u00e7\u00e3o. Marketing Estrat\u00e9gico. Digital Branding. Produ\u00e7\u00e3o em Off-Set e Off-Set Digital.<\/h4>\n<p>[\/vc_column_text][\/vc_column][\/vc_row][vc_row full_width=&#8221;stretch_row&#8221; css=&#8221;.vc_custom_1463301162036{margin-top: 50px !important;margin-bottom: 50px !important;padding-top: 50px !important;padding-bottom: 50px !important;background-color: #fafafa !important;}&#8221;][vc_column width=&#8221;1\/2&#8243;][vc_empty_space height=&#8221;50px&#8221;][vc_icon icon_fontawesome=&#8221;fa fa-laptop&#8221; color=&#8221;custom&#8221; background_style=&#8221;rounded&#8221; background_color=&#8221;white&#8221; size=&#8221;xl&#8221; align=&#8221;center&#8221; css_animation=&#8221;appear&#8221; custom_color=&#8221;#ffb121&#8243;][vc_custom_heading text=&#8221;Web Design &amp; Development&#8221; font_container=&#8221;tag:h2|text_align:center&#8221; use_theme_fonts=&#8221;yes&#8221;][\/vc_column][vc_column width=&#8221;1\/2&#8243;][vc_empty_space height=&#8221;120px&#8221;][vc_column_text]<\/p>\n<h4>Web Sites, Lojas Online (E-commerce), Portais, etc. Canais nas\u00a0Redes Sociais. Cria\u00e7\u00e3o, Gest\u00e3o e Manuten\u00e7\u00e3o de Conte\u00fados. Desenvolvimento &amp; Programa\u00e7\u00e3o. Servi\u00e7os de Consultoria Web.<\/h4>\n<p>[\/vc_column_text][\/vc_column][\/vc_row][vc_row css=&#8221;.vc_custom_1453665688972{margin-top: 50px !important;}&#8221;][vc_column width=&#8221;1\/2&#8243;][vc_empty_space height=&#8221;50px&#8221;][vc_icon icon_fontawesome=&#8221;fa fa-comments-o&#8221; color=&#8221;custom&#8221; background_style=&#8221;rounded&#8221; background_color=&#8221;white&#8221; size=&#8221;xl&#8221; align=&#8221;center&#8221; css_animation=&#8221;appear&#8221; custom_color=&#8221;#ffb121&#8243;][vc_custom_heading text=&#8221;Web &amp; Social Media Marketing&#8221; font_container=&#8221;tag:h2|text_align:center&#8221; use_theme_fonts=&#8221;yes&#8221;][\/vc_column][vc_column width=&#8221;1\/2&#8243;][vc_empty_space height=&#8221;120px&#8221;][vc_column_text]<\/p>\n<h4>Marketing Digital. Inbound Marketing. SEO \u2013 Optimiza\u00e7\u00e3o Org\u00e2nica para Motores de Busca. Campanhas Publicit\u00e1rias em Redes Sociais e em Motores de Busca.\u00a0An\u00e1lises de Visibilidade e Notoriedade.<\/h4>\n<p>[\/vc_column_text][\/vc_column][\/vc_row][vc_row full_width=&#8221;stretch_row&#8221; css=&#8221;.vc_custom_1463301981524{margin-top: 50px !important;margin-bottom: 50px !important;padding-top: 50px !important;padding-bottom: 50px !important;background-color: #fafafa !important;}&#8221;][vc_column width=&#8221;1\/2&#8243;][vc_empty_space height=&#8221;50px&#8221;][vc_icon icon_fontawesome=&#8221;fa fa-tablet&#8221; color=&#8221;custom&#8221; background_style=&#8221;rounded&#8221; background_color=&#8221;white&#8221; size=&#8221;xl&#8221; align=&#8221;center&#8221; css_animation=&#8221;appear&#8221; custom_color=&#8221;#ffb121&#8243;][vc_custom_heading text=&#8221;Software &amp; Web Applications&#8221; font_container=&#8221;tag:h2|text_align:center&#8221; use_theme_fonts=&#8221;yes&#8221;][\/vc_column][vc_column width=&#8221;1\/2&#8243;][vc_empty_space height=&#8221;120px&#8221;][vc_column_text]<\/p>\n<h4>Desenvolvimento de Software e Aplica\u00e7\u00f5es \u201c\u00e0 medida\u201d. Apps para iOS, Android e Windows. Apps h\u00edbridas para Sites e Lojas. Solu\u00e7\u00f5es de Software na Cloud: SaaS \u2013 Software as a Service.<\/h4>\n<p>[\/vc_column_text][\/vc_column][\/vc_row][vc_row css=&#8221;.vc_custom_1463304490029{margin-top: 30px !important;margin-bottom: 30px !important;padding-top: 50px !important;padding-bottom: 50px !important;}&#8221;][vc_column width=&#8221;1\/2&#8243;][vc_icon icon_fontawesome=&#8221;fa fa-video-camera&#8221; color=&#8221;custom&#8221; background_style=&#8221;rounded&#8221; background_color=&#8221;white&#8221; size=&#8221;xl&#8221; align=&#8221;center&#8221; css_animation=&#8221;appear&#8221; custom_color=&#8221;#ffb121&#8243;][vc_custom_heading text=&#8221;Multimedia, Photography, Video&#8221; font_container=&#8221;tag:h2|text_align:center&#8221; use_theme_fonts=&#8221;yes&#8221;][\/vc_column][vc_column width=&#8221;1\/2&#8243;][vc_empty_space height=&#8221;80px&#8221;][vc_column_text]<\/p>\n<h4>Apresenta\u00e7\u00f5es e Anima\u00e7\u00f5es Multimedia. Fotografia Publicit\u00e1ria, de Produto, Arquitect\u00f3nica, de Eventos. Videos Institucionais, Spot\u00b4s Publicit\u00e1rios. Demos de Produtos e Servi\u00e7os.<\/h4>\n<p>[\/vc_column_text][\/vc_column][\/vc_row][vc_row full_width=&#8221;stretch_row&#8221; css=&#8221;.vc_custom_1463302836344{margin-top: 50px !important;padding-top: 50px !important;padding-bottom: 50px !important;background-color: #fafafa !important;}&#8221;][vc_column width=&#8221;1\/2&#8243;][vc_empty_space height=&#8221;50px&#8221;][vc_icon icon_fontawesome=&#8221;fa fa-cloud&#8221; color=&#8221;custom&#8221; background_style=&#8221;rounded&#8221; background_color=&#8221;white&#8221; size=&#8221;xl&#8221; align=&#8221;center&#8221; css_animation=&#8221;appear&#8221; custom_color=&#8221;#ffb121&#8243;][vc_custom_heading text=&#8221;Web Hosting &amp; Business Mail&#8221; font_container=&#8221;tag:h2|text_align:center&#8221; use_theme_fonts=&#8221;yes&#8221;][\/vc_column][vc_column width=&#8221;1\/2&#8243;][vc_empty_space height=&#8221;120px&#8221;][vc_column_text]<\/p>\n<h4>Registo de Dom\u00ednios Nacionais e Internacionais. Alojamento Web &amp; E-mail em Servidores Linux e Windows. Servidores Dedicados, Virtuais. E-mail Empresarial, Solu\u00e7\u00f5es Microsoft, Office 365, etc.<\/h4>\n<p>[\/vc_column_text][\/vc_column][\/vc_row][vc_row full_width=&#8221;stretch_row&#8221; bg_type=&#8221;bg_color&#8221; bg_override=&#8221;full&#8221; css=&#8221;.vc_custom_1498458039689{margin-bottom: -30px !important;padding-top: 20px !important;background-color: \/* Permalink &#8211; use to edit and share this gradient: http:\/\/colorzilla.com\/gradient-editor\/#1e5799+0,2989d8+50,7db9e8+100 *\/ background: rgb(30,87,153); \/* Old browsers *\/ background: -moz-linear-gradient(-45deg, rgba(30,87,153,1) 0%, rgba(41,137,216,1) 50%, rgba(125,185,232,1) 100%); \/* FF3.6-15 *\/ background: -webkit-linear-gradient(-45deg, rgba(30,87,153,1) 0%,rgba(41,137,216,1) 50%,rgba(125,185,232,1) 100%); \/* Chrome10-25,Safari5.1-6 *\/ background: linear-gradient(135deg, rgba(30,87,153,1) 0%,rgba(41,137,216,1) 50%,rgba(125,185,232,1) 100%); \/* W3C, IE10+, FF16+, Chrome26+, Opera12+, Safari7+ *\/ filter: progid:DXImageTransform.Microsoft.gradient( startColorstr=&#8217;#1e5799&#8242;, endColorstr=&#8217;#7db9e8&#8242;,GradientType=1 ); \/* IE6-9 fallback on horizontal gradient *\/ !important;}&#8221; bg_color_value=&#8221;\/* Permalink &#8211; use to edit and share this gradient: http:\/\/colorzilla.com\/gradient-editor\/#1e5799+0,2989d8+50,7db9e8+100 *\/ background: rgb(30,87,153); \/* Old browsers *\/ background: -moz-linear-gradient(-45deg, rgba(30,87,153,1) 0%, rgba(41,137,216,1) 50%, rgba(125,185,232,1) 100%); \/* FF3.6-15 *\/ background: -webkit-linear-gradient(-45deg, rgba(30,87,153,1) 0%,rgba(41,137,216,1) 50%,rgba(125,185,232,1) 100%); \/* Chrome10-25,Safari5.1-6 *\/ background: linear-gradient(135deg, rgba(30,87,153,1) 0%,rgba(41,137,216,1) 50%,rgba(125,185,232,1) 100%); \/* W3C, IE10+, FF16+, Chrome26+, Opera12+, Safari7+ *\/ filter: progid:DXImageTransform.Microsoft.gradient( startColorstr=&#8217;#1e5799&#8242;, endColorstr=&#8217;#7db9e8&#8242;,GradientType=1 ); \/* IE6-9 fallback on horizontal gradient *\/&#8221;][vc_column]\r\n<div class=\"wproto-call-to-action   style-button-right\"  style=\"background-color: transparent; \">\r\n\r\n\t<div class=\"content-inner\">\r\n\t\t\t\t<h2 style=\"color: #ffffff; \">Tem uma ideia para um projeto online da sua empresa?<\/h2>\r\n\t\t\t\t\r\n\t\t\t\t<p style=\"color: #ffffff; \">A MediaDigital ajuda-o a concretiz\u00e1-la.<\/p>\r\n\t\t\t<\/div>\r\n\r\n\t<div class=\"content-buttons\">\r\n\t\t\t\t\r\n\t\t\t\t\t\t\t\t\t<a target=\"\" href=\"http:\/\/mediadigital.net\/contactos\/\" class=\"button button-style-black button-size-large\">Fale Connosco<\/a>\r\n\t\t\t\t\t\t\r\n\t\t\t\t\t\r\n\t\t\t<\/div>\r\n\t<div class=\"clearfix\"><\/div>\r\n<\/div>\r\n[\/vc_column][\/vc_row]<\/p>","protected":false},"excerpt":{"rendered":"<p>[vc_row][vc_column width=&#8221;1\/2&#8243;][vc_icon icon_fontawesome=&#8221;fa fa-heart-o&#8221; color=&#8221;custom&#8221; background_style=&#8221;rounded&#8221; background_color=&#8221;white&#8221; size=&#8221;xl&#8221; align=&#8221;center&#8221; css_animation=&#8221;appear&#8221; custom_color=&#8221;#ffb121&#8243;][vc_custom_heading text=&#8221;Branding. Design. Marketing&#8221; font_container=&#8221;tag:h2|text_align:center&#8221; use_theme_fonts=&#8221;yes&#8221;][\/vc_column][vc_column width=&#8221;1\/2&#8243;][vc_empty_space height=&#8221;80px&#8221;][vc_column_text] Naming &amp; Branding. Imagem de Marca. Identidade Corporativa. Estrat\u00e9gia de Marca. Design de Comunica\u00e7\u00e3o. Marketing Estrat\u00e9gico. Digital Branding. Produ\u00e7\u00e3o em Off-Set e Off-Set Digital. [\/vc_column_text][\/vc_column][\/vc_row][vc_row full_width=&#8221;stretch_row&#8221; css=&#8221;.vc_custom_1463301162036{margin-top: 50px !important;margin-bottom: 50px !important;padding-top: 50px !important;padding-bottom: 50px !important;background-color: #fafafa !important;}&#8221;][vc_column [&hellip;]<\/p>\n","protected":false},"author":1,"featured_media":0,"parent":0,"menu_order":0,"comment_status":"closed","ping_status":"closed","template":"","meta":{"footnotes":""},"class_list":["post-350","page","type-page","status-publish","hentry"],"_links":{"self":[{"href":"https:\/\/mediadigital.net\/en\/wp-json\/wp\/v2\/pages\/350","targetHints":{"allow":["GET"]}}],"collection":[{"href":"https:\/\/mediadigital.net\/en\/wp-json\/wp\/v2\/pages"}],"about":[{"href":"https:\/\/mediadigital.net\/en\/wp-json\/wp\/v2\/types\/page"}],"author":[{"embeddable":true,"href":"https:\/\/mediadigital.net\/en\/wp-json\/wp\/v2\/users\/1"}],"replies":[{"embeddable":true,"href":"https:\/\/mediadigital.net\/en\/wp-json\/wp\/v2\/comments?post=350"}],"version-history":[{"count":0,"href":"https:\/\/mediadigital.net\/en\/wp-json\/wp\/v2\/pages\/350\/revisions"}],"wp:attachment":[{"href":"https:\/\/mediadigital.net\/en\/wp-json\/wp\/v2\/media?parent=350"}],"curies":[{"name":"wp","href":"https:\/\/api.w.org\/{rel}","templated":true}]}}