{"id":2009,"date":"2018-05-28T12:00:53","date_gmt":"2018-05-28T11:00:53","guid":{"rendered":"http:\/\/mediadigital.net\/?page_id=2009"},"modified":"2018-05-28T12:16:35","modified_gmt":"2018-05-28T11:16:35","slug":"como-gerir-cookies","status":"publish","type":"page","link":"https:\/\/mediadigital.net\/en\/como-gerir-cookies\/","title":{"rendered":"Como Gerir Cookies"},"content":{"rendered":"<p>[vc_row][vc_column width=&#8221;5\/6&#8243;][vc_column_text]<\/p>\n<h2>Como Gerir Cookies<\/h2>\n<p>&nbsp;<\/p>\n<p>Como est\u00e1 explicado na nossa \u00a0<a href=\"http:\/\/mediadigital.net\/politica-de-cookies\/\"><u>Pol\u00edtica de Cookies<\/u><\/a>\u00a0\u00a0os cookies ajudam a tirar o m\u00e1ximo proveito do nosso site.<\/p>\n<p>Todos os navegadores de internet (browsers) permitem ao utilizador aceitar, recusar ou apagar cookies, atrav\u00e9s da gest\u00e3o das defini\u00e7\u00f5es no respetivo navegador.<\/p>\n<p>Caso desative os cookies pode impedir que alguns servi\u00e7os da internet funcionem corretamente, afetando, parcial ou totalmente, a navega\u00e7\u00e3o no site.<\/p>\n<p>&nbsp;<\/p>\n<p><strong>Como pode ativar e desativar os cookies no navegador de internet (browser)<\/strong><\/p>\n<p>&nbsp;<\/p>\n<p><strong>Google Chrome<\/strong><\/p>\n<p>Tem controlo total sobre as permiss\u00f5es de cookies no Google Chrome. Por predefini\u00e7\u00e3o, s\u00e3o permitidos todos os cookies, mas pode ajustar esta defini\u00e7\u00e3o. Se os cookies tiverem sido definidos ou bloqueados na p\u00e1gina que estiver a visualizar, \u00e9 apresentado um \u00edcone no final da barra de endere\u00e7o.<\/p>\n<ol>\n<li>Clique no menu do Chrome\u00a0na barra de ferramentas do navegador.<\/li>\n<li>Selecione\u00a0Defini\u00e7\u00f5es.<\/li>\n<li>Clique em\u00a0Mostrar defini\u00e7\u00f5es avan\u00e7adas.<\/li>\n<li>Na sec\u00e7\u00e3o &#8220;Privacidade&#8221;, clique no bot\u00e3o\u00a0Defini\u00e7\u00f5es de conte\u00fado.<\/li>\n<li>Selecione a op\u00e7\u00e3o\u00a0&#8220;Bloquear defini\u00e7\u00e3o dos dados por parte dos sites&#8221;.<\/li>\n<\/ol>\n<ol>\n<li>Pode alterar as seguintes defini\u00e7\u00f5es de cookies na sec\u00e7\u00e3o &#8220;Cookies&#8221;:<\/li>\n<\/ol>\n<ul>\n<li>Eliminar cookies<\/li>\n<li>Bloquear cookies por predefini\u00e7\u00e3o<\/li>\n<li>Permitir cookies por predefini\u00e7\u00e3o<\/li>\n<li>Manter cookies e dados do Website por predefini\u00e7\u00e3o at\u00e9 sair do navegador<\/li>\n<li>Criar exce\u00e7\u00f5es para cookies de Websites ou dom\u00ednios espec\u00edficos<\/li>\n<\/ul>\n<p>&nbsp;<\/p>\n<p>Nota:\u00a0Existem v\u00e1rios n\u00edveis de ativa\u00e7\u00e3o e desativa\u00e7\u00e3o de cookies no Google Chrome. Para mais informa\u00e7\u00f5es sobre defini\u00e7\u00f5es de cookies no Google Chrome, consulte a seguinte p\u00e1gina :<\/p>\n<p><u><a href=\"http:\/\/support.google.com\/chrome\/bin\/answer.py?hl=pt&amp;answer=95647&amp;topic=14666&amp;ctx=topic\" target=\"_blank\" rel=\"noopener\">http:\/\/support.google.com\/chrome\/bin\/answer.py?hl=pt&amp;answer=95647&amp;topic=14666&amp;ctx=topic<\/a><\/u><\/p>\n<p>&nbsp;<\/p>\n<p><strong>Microsoft Internet Explorer<\/strong><\/p>\n<p>Para desativar todos os\u00a0cookies\u00a0no Internet Explorer:<\/p>\n<p>1)\u00a0\u00a0 Clique no menu &#8220;Ferramentas&#8221; e escolha a op\u00e7\u00e3o &#8220;Op\u00e7\u00f5es de Internet&#8221;;<\/p>\n<p>2)\u00a0\u00a0 Selecione o separador &#8220;Privacidade&#8221;;<\/p>\n<p>3)\u00a0\u00a0 \u00a0Mova a barra para o topo, onde surgir\u00e1 &#8220;Bloquear todos os cookies&#8221;.<\/p>\n<p>&nbsp;<\/p>\n<p>Nota:\u00a0Existem v\u00e1rios n\u00edveis de ativa\u00e7\u00e3o e desativa\u00e7\u00e3o de cookies no Internet Explorer. Para mais informa\u00e7\u00f5es sobre defini\u00e7\u00f5es de cookies Internet Explorer, consulte a seguinte p\u00e1gina da Microsoft:<\/p>\n<p><u><a href=\"http:\/\/windows.microsoft.com\/pt-PT\/windows-vista\/Block-or-allow-cookies\" target=\"_blank\" rel=\"noopener\">http:\/\/windows.microsoft.com\/pt-PT\/windows-vista\/Block-or-allow-cookies<\/a><\/u><\/p>\n<p>&nbsp;<\/p>\n<p><strong>Mozilla Firefox<\/strong><\/p>\n<p>Para desativar todos os\u00a0cookies\u00a0no Mozilla Firefox:<\/p>\n<p>1) Clique no menu &#8220;Ferramentas&#8221;;<br \/>\n2) Selecione &#8220;Op\u00e7\u00f5es&#8221;;<br \/>\n3) Clique no \u00edcone &#8220;Privacidade&#8221;, que encontra no painel superior;<br \/>\n4) Na sec\u00e7\u00e3o &#8220;Cookies&#8221; desative a op\u00e7\u00e3o &#8220;Aceitar cookies dos sites&#8221;;<br \/>\n5) Clique em &#8220;OK&#8221; para guardar as altera\u00e7\u00f5es e fechar.<\/p>\n<p>Nota:\u00a0Existem v\u00e1rios n\u00edveis de ativa\u00e7\u00e3o e desativa\u00e7\u00e3o de cookies no Mozilla Firefox. Para mais informa\u00e7\u00f5es sobre defini\u00e7\u00f5es de cookies no Mozilla Firefox, consulte a seguinte p\u00e1gina :<\/p>\n<p><u><a href=\"http:\/\/support.mozilla.org\/pt-PT\/kb\/Activar%20e%20Desactivar%20cookies?redirectlocale=en-US&amp;redirectslug=Enabling+and+disabling+cookies\" target=\"_blank\" rel=\"noopener\">http:\/\/support.mozilla.org\/pt-PT\/kb\/Activar%20e%20Desactivar%20cookies?redirectlocale=en-US&amp;redirectslug=Enabling+and+disabling+cookies<\/a><\/u><\/p>\n<p>&nbsp;<\/p>\n<p><strong>Safari<\/strong><\/p>\n<p>Para desativar todos os\u00a0cookies\u00a0no Safari:<\/p>\n<p>1) Clique em &#8220;Editar&#8221;;<br \/>\n2) Selecione &#8220;Prefer\u00eancias&#8221;;<br \/>\n3) No painel superior, selecione o \u00edcone &#8220;Privacidade&#8221;;<br \/>\n4) Na sec\u00e7\u00e3o &#8220;Aceitar cookies&#8221;, selecione &#8220;Nunca&#8221;<\/p>\n<p>Nota:\u00a0Existem v\u00e1rios n\u00edveis de ativa\u00e7\u00e3o e desativa\u00e7\u00e3o de cookies no Safari. Para mais informa\u00e7\u00f5es sobre defini\u00e7\u00f5es de cookies no Safari, consulte a seguinte p\u00e1gina :<\/p>\n<p><u><a href=\"http:\/\/support.apple.com\/kb\/HT1677?viewlocale=pt_PT\" target=\"_blank\" rel=\"noopener\">http:\/\/support.apple.com\/kb\/HT1677?viewlocale=pt_PT<\/a><\/u><\/p>\n<p>&nbsp;<\/p>\n<p><strong>Todos os outros navegadores de internet (browser)<\/strong><\/p>\n<p>Por favor, procure no menu &#8220;ajuda&#8221; do navegador (browser) ou contacte o fornecedor do navegador (browser).<\/p>\n<p>&nbsp;<\/p>\n<p>[\/vc_column_text][\/vc_column][vc_column width=&#8221;1\/6&#8243;][vc_empty_space][vc_column_text]<\/p>\n<h4><a href=\"http:\/\/mediadigital.net\/politica-de-cookies\/\">Pol\u00edtica de Privacidade<\/a><\/h4>\n<h4><a href=\"http:\/\/mediadigital.net\/politica-de-cookies\/\">Pol\u00edtica de Cookies<\/a><\/h4>\n<p>[\/vc_column_text][\/vc_column][\/vc_row]<\/p>\n","protected":false},"excerpt":{"rendered":"<p>[vc_row][vc_column width=&#8221;5\/6&#8243;][vc_column_text] Como Gerir Cookies &nbsp; Como est\u00e1 explicado na nossa \u00a0Pol\u00edtica de Cookies\u00a0\u00a0os cookies ajudam a tirar o m\u00e1ximo proveito do nosso site. Todos os navegadores de internet (browsers) permitem ao utilizador aceitar, recusar ou apagar cookies, atrav\u00e9s da gest\u00e3o das defini\u00e7\u00f5es no respetivo navegador. Caso desative os cookies pode impedir que alguns servi\u00e7os [&hellip;]<\/p>\n","protected":false},"author":1,"featured_media":0,"parent":0,"menu_order":0,"comment_status":"closed","ping_status":"closed","template":"","meta":{"footnotes":""},"class_list":["post-2009","page","type-page","status-publish","hentry"],"_links":{"self":[{"href":"https:\/\/mediadigital.net\/en\/wp-json\/wp\/v2\/pages\/2009","targetHints":{"allow":["GET"]}}],"collection":[{"href":"https:\/\/mediadigital.net\/en\/wp-json\/wp\/v2\/pages"}],"about":[{"href":"https:\/\/mediadigital.net\/en\/wp-json\/wp\/v2\/types\/page"}],"author":[{"embeddable":true,"href":"https:\/\/mediadigital.net\/en\/wp-json\/wp\/v2\/users\/1"}],"replies":[{"embeddable":true,"href":"https:\/\/mediadigital.net\/en\/wp-json\/wp\/v2\/comments?post=2009"}],"version-history":[{"count":0,"href":"https:\/\/mediadigital.net\/en\/wp-json\/wp\/v2\/pages\/2009\/revisions"}],"wp:attachment":[{"href":"https:\/\/mediadigital.net\/en\/wp-json\/wp\/v2\/media?parent=2009"}],"curies":[{"name":"wp","href":"https:\/\/api.w.org\/{rel}","templated":true}]}}