{"id":2007,"date":"2018-05-28T11:59:47","date_gmt":"2018-05-28T10:59:47","guid":{"rendered":"http:\/\/mediadigital.net\/?page_id=2007"},"modified":"2018-05-28T12:17:19","modified_gmt":"2018-05-28T11:17:19","slug":"politica-de-cookies","status":"publish","type":"page","link":"https:\/\/mediadigital.net\/en\/politica-de-cookies\/","title":{"rendered":"Pol\u00edtica de Cookies"},"content":{"rendered":"<p>[vc_row][vc_column width=&#8221;5\/6&#8243;][vc_column_text]<\/p>\n<h2>Pol\u00edtica de Cookies<\/h2>\n<p>Usamos cookies no nosso website para melhorar o desempenho e a sua experi\u00eancia como utilizador. Esta p\u00e1gina explica como o fazemos.<\/p>\n<p><strong>O que s\u00e3o cookies<\/strong><br \/>\nOs cookies s\u00e3o pequenos ficheiros de texto que um site, ao ser visitado pelo utilizador, coloca no seu computador ou no seu dispositivo m\u00f3vel atrav\u00e9s do navegador de internet (browser). A coloca\u00e7\u00e3o de cookies ajudar\u00e1 o site a reconhecer o seu dispositivo na pr\u00f3xima vez que o utilizador o visita.<br \/>\nUsamos o termo cookies nesta pol\u00edtica para referir todos os ficheiros que recolhem informa\u00e7\u00f5es desta forma.<br \/>\nOs cookies utilizados n\u00e3o recolhem informa\u00e7\u00e3o que identifica o utilizador. Os cookies recolhem informa\u00e7\u00f5es gen\u00e9ricas, designadamente a forma como os utilizadores chegam e utilizam os sites ou a zona do pa\u00eds\/pa\u00edses atrav\u00e9s do qual acedem ao site, etc.<br \/>\nOs cookies ret\u00eam apenas informa\u00e7\u00e3o relacionada com as suas prefer\u00eancias.<br \/>\nA qualquer momento o utilizador pode, atrav\u00e9s do seu navegador de internet (browser) decidir ser notificado sobre a rece\u00e7\u00e3o de cookies, bem como bloquear a respetiva entrada no seu sistema.<br \/>\nA recusa de uso de cookies no site, pode resultar na impossibilidade de ter acesso a algumas das suas \u00e1reas ou de receber informa\u00e7\u00e3o personalizada.<\/p>\n<p><strong>Para que servem os cookies<\/strong><br \/>\nOs cookies s\u00e3o usados para ajudar a determinar a utilidade, interesse e o n\u00famero de utiliza\u00e7\u00f5es dos sites, permitindo uma navega\u00e7\u00e3o mais r\u00e1pida e eficiente e eliminando a necessidade de introduzir repetidamente as mesmas informa\u00e7\u00f5es.<\/p>\n<p><strong>Que tipo de cookies utilizamos<\/strong><br \/>\nOs nossos cookies t\u00eam diferentes fun\u00e7\u00f5es:<br \/>\n&#8211; Cookies essenciais &#8211; Alguns cookies s\u00e3o essenciais para aceder a \u00e1reas espec\u00edficas do nosso site.<br \/>\nPermitem a navega\u00e7\u00e3o no site e a utiliza\u00e7\u00e3o das suas aplica\u00e7\u00f5es, tal como aceder a \u00e1reas seguras do site atrav\u00e9s de login. Sem estes cookies, os servi\u00e7os que o exijam n\u00e3o podem ser prestados.<br \/>\n&#8211; Cookies anal\u00edticos &#8211; Utilizamos estes cookies para analisar a forma como os utilizadores usam o site e monitorar a performance deste. Isto permite-nos fornecer uma experi\u00eancia de alta qualidade ao personalizar a nossa oferta e rapidamente identificar e corrigir quaisquer problemas que surjam. Por exemplo, usamos cookies de desempenho para saber quais as p\u00e1ginas mais populares, qual o m\u00e9todo de liga\u00e7\u00e3o entre p\u00e1ginas que \u00e9 mais eficaz, ou para determinar a raz\u00e3o de algumas p\u00e1ginas estarem a receber mensagens de erro. Baseado na utiliza\u00e7\u00e3o do site, podemos tamb\u00e9m utilizar estes cookies para destacar artigos ou servi\u00e7os do site que pensamos ser do interesse dos utilizadores. Estes cookies s\u00e3o utilizados apenas para efeitos de cria\u00e7\u00e3o e an\u00e1lise estat\u00edstica, sem nunca recolher informa\u00e7\u00e3o de car\u00e1ter pessoal.<br \/>\n&#8211; Cookies de funcionalidade &#8211; Utilizamos cookies de funcionalidade para nos permitir relembrar as prefer\u00eancias do utilizador. Por exemplo, os cookies evitam digitar o nome do utilizador cada vez que este acede ao site.<br \/>\nTamb\u00e9m usamos cookies de funcionalidade para fornecer servi\u00e7os avan\u00e7ados ao utilizador, como por exemplo efetuar coment\u00e1rios a um artigo.<br \/>\nEm resumo, os cookies de funcionalidade guardam as prefer\u00eancias do utilizador relativamente \u00e0 utiliza\u00e7\u00e3o do site, de forma que n\u00e3o seja necess\u00e1rio voltar a configurar o site cada vez que o visita.<br \/>\n&#8211; Cookies de terceiros &#8211; Servem para medir o sucesso de aplica\u00e7\u00f5es e a efic\u00e1cia da publicidade de terceiros.<br \/>\n&#8211; Cookies de publicidade &#8211; Servem para direcionar a publicidade em fun\u00e7\u00e3o dos interesses de cada utilizador, permitindo limitar o n\u00famero de vezes do visionamento do an\u00fancio. Estes cookies ajudam a medir a efic\u00e1cia da publicidade. No entanto, n\u00e3o identificam o utilizador<\/p>\n<p><strong>Os cookies utilizados podem ser:<\/strong><br \/>\n&#8211; Cookies permanentes -Ficam armazenados ao n\u00edvel do navegador de internet (browser) nos seus dispositivos de acesso (pc, mobile e tablet) e s\u00e3o utilizados sempre que o utilizador faz uma nova visita ao site. Geralmente s\u00e3o utilizados para direcionar a navega\u00e7\u00e3o de acordo com os interesses do utilizador, permitindo-nos prestar um servi\u00e7o mais personalizado.<br \/>\n&#8211; Cookies de sess\u00e3o &#8211; S\u00e3o tempor\u00e1rios, permanecem nos cookiesdo seu navegador de internet (browser) at\u00e9 sair do site. A informa\u00e7\u00e3o obtida permite identificar problemas e fornecer uma melhor experi\u00eancia de navega\u00e7\u00e3o.<\/p>\n<p><strong>O uso de cookies pode ser bloqueado<\/strong><br \/>\nComo explic\u00e1mos os cookies ajudam-no a tirar o m\u00e1ximo proveito dos nossos sites.<br \/>\nDepois de autorizar o uso de cookies, o utilizador pode sempre desativar parte ou a totalidade dos nossos cookies. Para o efeito, o utilizador deve seguir as instru\u00e7\u00f5es na nossa p\u00e1gina &#8221; <a href=\"http:\/\/mediadigital.net\/como-gerir-cookies\/\"><strong>Como gerir cookies<\/strong><\/a>&#8220;.<\/p>\n<p><strong>Recordamos que ao desativar os cookies, partes do nosso site podem n\u00e3o funcionar corretamente.<\/strong><\/p>\n<p><strong>Uso de cookies na abertura das nossas newsletters<\/strong><br \/>\nAs nossas newsletters podem, para fins estat\u00edsticos, conter um \u00fanico &#8220;pixel &#8221; que nos permite saber se s\u00e3o abertas e verificar os cliques atrav\u00e9s de links ou an\u00fancios dentro da newsletter.<br \/>\nO utilizador tem sempre a possibilidade de cancelar a recep\u00e7\u00e3o da nossa newsletter clicando para o efeito no link \u201cCancelar\u201d no rodap\u00e9 da mesma.<br \/>\n[\/vc_column_text][\/vc_column][vc_column width=&#8221;1\/6&#8243;][vc_empty_space][vc_column_text]<\/p>\n<h4><a href=\"http:\/\/mediadigital.net\/politica-de-privacidade\/\">Pol\u00edtica de Privacidade<\/a><\/h4>\n<h4><a href=\"http:\/\/mediadigital.net\/como-gerir-cookies\/\">Como Gerir Cookies<\/a><\/h4>\n<p>[\/vc_column_text][\/vc_column][\/vc_row]<\/p>\n","protected":false},"excerpt":{"rendered":"<p>[vc_row][vc_column width=&#8221;5\/6&#8243;][vc_column_text] Pol\u00edtica de Cookies Usamos cookies no nosso website para melhorar o desempenho e a sua experi\u00eancia como utilizador. Esta p\u00e1gina explica como o fazemos. O que s\u00e3o cookies Os cookies s\u00e3o pequenos ficheiros de texto que um site, ao ser visitado pelo utilizador, coloca no seu computador ou no seu dispositivo m\u00f3vel atrav\u00e9s [&hellip;]<\/p>\n","protected":false},"author":1,"featured_media":0,"parent":0,"menu_order":0,"comment_status":"closed","ping_status":"closed","template":"","meta":{"footnotes":""},"class_list":["post-2007","page","type-page","status-publish","hentry"],"_links":{"self":[{"href":"https:\/\/mediadigital.net\/en\/wp-json\/wp\/v2\/pages\/2007","targetHints":{"allow":["GET"]}}],"collection":[{"href":"https:\/\/mediadigital.net\/en\/wp-json\/wp\/v2\/pages"}],"about":[{"href":"https:\/\/mediadigital.net\/en\/wp-json\/wp\/v2\/types\/page"}],"author":[{"embeddable":true,"href":"https:\/\/mediadigital.net\/en\/wp-json\/wp\/v2\/users\/1"}],"replies":[{"embeddable":true,"href":"https:\/\/mediadigital.net\/en\/wp-json\/wp\/v2\/comments?post=2007"}],"version-history":[{"count":0,"href":"https:\/\/mediadigital.net\/en\/wp-json\/wp\/v2\/pages\/2007\/revisions"}],"wp:attachment":[{"href":"https:\/\/mediadigital.net\/en\/wp-json\/wp\/v2\/media?parent=2007"}],"curies":[{"name":"wp","href":"https:\/\/api.w.org\/{rel}","templated":true}]}}