{"id":2004,"date":"2018-05-28T11:49:35","date_gmt":"2018-05-28T10:49:35","guid":{"rendered":"http:\/\/mediadigital.net\/?page_id=2004"},"modified":"2019-12-27T16:13:23","modified_gmt":"2019-12-27T16:13:23","slug":"politica-de-privacidade","status":"publish","type":"page","link":"https:\/\/mediadigital.net\/en\/politica-de-privacidade\/","title":{"rendered":"Pol\u00edtica De Privacidade\u00a0"},"content":{"rendered":"<p>[vc_row css=&#8221;.vc_custom_1527502762438{background-color: rgba(40,40,40,0) !important;*background-color: rgb(40,40,40) !important;}&#8221;][vc_column width=&#8221;5\/6&#8243;][vc_column_text]<\/p>\n<h2><strong>Pol\u00edtica De Privacidade\u00a0<\/strong><\/h2>\n<p>A MEDIA DIGITAL garante o tratamento confidencial, e com seguran\u00e7a, de toda a informa\u00e7\u00e3o facultada pelos nossos clientes.<br \/>\nTodos os dados pessoais recolhidos pelo nosso site destinam-se exclusivamente ao uso comercial da nossa empresa, em campanhas de marketing e outras comunica\u00e7\u00f5es com o cliente, n\u00e3o sendo em caso algum disponibilizados a terceiros.<\/p>\n<p>Garantimos que o titular dos dados ter\u00e1 todos os direitos consagrados ao mesmo no Regulamento Geral de Prote\u00e7\u00e3o de Dados.<br \/>\n<strong><a href=\"https:\/\/ec.europa.eu\/commission\/priorities\/justice-and-fundamental-rights\/data-protection\/2018-reform-eu-data-protection-rules_pt\" target=\"_blank\" rel=\"noopener noreferrer\">Consulte aqui<\/a>\u00a0a informa\u00e7\u00e3o sobre o RGPD \u00a0\u2013 Regulamento Geral\u00a0de Prote\u00e7\u00e3o de Dados \u2013 disponibilizada pela Comiss\u00e3o Europeia.<br \/>\n<\/strong>Em qualquer altura poder\u00e1 exercer os direitos consagrados no Regulamento Geral de Prote\u00e7\u00e3o de Dados utilizando para o efeito os contactos abaixo indicados.<\/p>\n<p>No caso espec\u00edfico da nossa Newsletter, pode em qualquer altura cancelar a sua subscri\u00e7\u00e3o e recep\u00e7\u00e3o atrav\u00e9s do link de cancelamento &#8220;cancelar&#8221; que consta no rodap\u00e9 das newsletters que recebe no seu e-mail.<\/p>\n<p>&nbsp;<\/p>\n<p><strong>EPD (DPO) &#8211; Encarregado de Prote\u00e7\u00e3o de Dados (Data Protection Officer)<\/strong><\/p>\n<p>A entidade respons\u00e1vel pela recolha e tratamento de dados pessoais \u00e9 a <strong>Media Digital &#8211; Publicidade, Lda<\/strong>, pessoa coletiva n\u00famero <span class=\"link-text\">PT506274780<\/span>. Qualquer quest\u00e3o ou se pretender exercer algum dos seus direitos, por favor contactar atrav\u00e9s dos seguinte meios:<\/p>\n<p><strong>Correio F\u00edsico (Carta)<br \/>\n<\/strong>Centro Empresarial Vilar do Pinheiro<br \/>\nRua do Rio Negro, 289,<br \/>\n4485-860 Vilar do Pinheiro &#8211; PORTUGAL<\/p>\n<p><strong>Correio Electr\u00f3nico (Email) <\/strong><a>suporte@mediadigital.net<\/a>[\/vc_column_text][\/vc_column][vc_column width=&#8221;1\/6&#8243;][vc_empty_space][vc_column_text]<\/p>\n<h4><a href=\"http:\/\/mediadigital.net\/politica-de-cookies\/\">Pol\u00edtica de Cookies<\/a><\/h4>\n<h4><a href=\"http:\/\/mediadigital.net\/como-gerir-cookies\">Como Gerir os Cookies<\/a><\/h4>\n<p>[\/vc_column_text][\/vc_column][\/vc_row]<\/p>","protected":false},"excerpt":{"rendered":"<p>[vc_row css=&#8221;.vc_custom_1527502762438{background-color: rgba(40,40,40,0) !important;*background-color: rgb(40,40,40) !important;}&#8221;][vc_column width=&#8221;5\/6&#8243;][vc_column_text] Pol\u00edtica De Privacidade\u00a0 A MEDIA DIGITAL garante o tratamento confidencial, e com seguran\u00e7a, de toda a informa\u00e7\u00e3o facultada pelos nossos clientes. Todos os dados pessoais recolhidos pelo nosso site destinam-se exclusivamente ao uso comercial da nossa empresa, em campanhas de marketing e outras comunica\u00e7\u00f5es com o cliente, n\u00e3o [&hellip;]<\/p>\n","protected":false},"author":1,"featured_media":0,"parent":0,"menu_order":0,"comment_status":"closed","ping_status":"closed","template":"","meta":{"footnotes":""},"class_list":["post-2004","page","type-page","status-publish","hentry"],"_links":{"self":[{"href":"https:\/\/mediadigital.net\/en\/wp-json\/wp\/v2\/pages\/2004","targetHints":{"allow":["GET"]}}],"collection":[{"href":"https:\/\/mediadigital.net\/en\/wp-json\/wp\/v2\/pages"}],"about":[{"href":"https:\/\/mediadigital.net\/en\/wp-json\/wp\/v2\/types\/page"}],"author":[{"embeddable":true,"href":"https:\/\/mediadigital.net\/en\/wp-json\/wp\/v2\/users\/1"}],"replies":[{"embeddable":true,"href":"https:\/\/mediadigital.net\/en\/wp-json\/wp\/v2\/comments?post=2004"}],"version-history":[{"count":0,"href":"https:\/\/mediadigital.net\/en\/wp-json\/wp\/v2\/pages\/2004\/revisions"}],"wp:attachment":[{"href":"https:\/\/mediadigital.net\/en\/wp-json\/wp\/v2\/media?parent=2004"}],"curies":[{"name":"wp","href":"https:\/\/api.w.org\/{rel}","templated":true}]}}